{"id":7,"date":"2019-08-11T12:34:51","date_gmt":"2019-08-11T10:34:51","guid":{"rendered":"http:\/\/sztajers-s.home.amu.edu.pl\/?page_id=7"},"modified":"2019-10-04T17:21:08","modified_gmt":"2019-10-04T15:21:08","slug":"strona-glowna","status":"publish","type":"page","link":"http:\/\/sztajers-s.home.amu.edu.pl\/?page_id=7","title":{"rendered":"S\u0142awomir Sztajer"},"content":{"rendered":"<p><span class=\"text12v\"><strong>I. Wykszta\u0142cenie:<\/strong> <\/span><\/p>\n<p><br class=\"text12v\" \/><span class=\"text12v\">Absolwent Uniwersytetu im. Adama Mickiewicza w Poznaniu:<\/span><br class=\"text12v\" \/><br class=\"text12v\" \/><span class=\"text12v\">1. Indywidualne Studia Mi\u0119dzywydzia\u0142owe na kierunkach filozofia i socjologia; magister filozofii, praca magisterska: \u201eAntyredukcjonistyczne koncepcje religii\u201d, 2002 (promotor: prof. dr hab. Zbigniew Drozdowicz, recenzent: prof. dr hab. Andrzej Przy\u0142\u0119bski);<\/span><br class=\"text12v\" \/><br class=\"text12v\" \/><span class=\"text12v\">2. Studia doktoranckie w Instytucie Filozofii UAM; doktor nauk humanistycznych w zakresie filozofii, dysertacja doktorska: \u201eJ\u0119zyk a konstytuowanie \u015bwiata religijnego\u201d, 2007 (promotor: prof. dr hab. Zbigniew Drozdowicz; recenzenci: prof. dr hab. Boles\u0142aw Andrzejewski, prof. dr hab. Andrzej Bronk).<\/span><\/p>\n<p><br class=\"text12v\" \/><span class=\"text12v\"><strong>II. Zainteresowania naukowe:<\/strong> <\/span><\/p>\n<div><span class=\"text12v\">&#8211; poznawcze uwarunkowania my\u015blenia i zachowania religijnego <\/span><br class=\"text12v\" \/><span class=\"text12v\">&#8211; jezyk religijny, komunikacja religijna, semiotyka religii <\/span><br class=\"text12v\" \/><span class=\"text12v\">&#8211; przemiany religijno\u015bci <\/span><\/div>\n<p><span class=\"text12v\"><br class=\"text12v\" \/><\/span><span class=\"text12v\"><strong>III. Publikacje:<\/strong> <\/span><\/p>\n<div><span class=\"text12v\">&#8211; 2 ksi\u0105\u017cki autorskie, 1 wspo\u0142autorska, 5 pod redakcj\u0105 naukow\u0105 (wsp\u00f3\u0142autorstwo), ponad 60 artyku\u0142\u00f3w naukowych i recenzji <\/span><br class=\"text12v\" \/><span class=\"text12v\"><a class=\"text\" href=\"http:\/\/sztajers.home.amu.edu.pl\/publikacje.htm\">Zob. Publikacje<\/a><\/span><\/div>\n<p><br class=\"text12v\" \/><span class=\"text12v\"><strong>IV. Udzia\u0142 w konferencjach naukowych:<\/strong> <\/span><\/p>\n<div><span class=\"text12v\">&#8211; w kilkudziesi\u0119ciu og\u00f3lnopolskich<\/span><br class=\"text12v\" \/><span class=\"text12v\">&#8211; w kilku zagranicznych<\/span><br \/><span class=\"text12v\"><a class=\"text\" href=\"http:\/\/sztajers.home.amu.edu.pl\/konferencje.htm\">Zob. Konferencje<\/a><\/span><\/div>\n<p><br class=\"text12v\" \/><span class=\"text12v\"><strong>V. Sta\u017ce<\/strong> i stypendia naukowe<strong>:<\/strong> <\/span><\/p>\n<div><span class=\"text12v\">&#8211; Sta\u017ce podoktorskie: University of Oxford (2011), Centrum Bada\u0144 Interdyscyplinarnych (2007-2008)<\/span><br class=\"text12v\" \/><span class=\"text12v\">&#8211; Sta\u017ce kr\u00f3tkoterminowe: University of Jyvaskyla (2011), University of Verona (2012), Polytechnic Institute of Braganca (2012), University of A Coruna (rok 2013), Abo Akakdemi University\/University of Turku (2014), Universitat Bern (2016) <\/span><\/div>\n<p><br class=\"text12v\" \/><span class=\"text12v\"><strong>VI. Udzia\u0142 w <\/strong>radach redakcyjnych czasopism naukowych<strong>:<\/strong> <\/span><\/p>\n<div><span class=\"text12v\">&#8211; &#8222;Cz\u0142owiek i Spo\u0142ecze\u0144stwo&#8221; (sekretarz redakcji) <\/span><\/div>\n<div><span class=\"text12v\">&#8211; &#8222;Humaniora. Czasopismo Internetowe&#8221; <\/span><\/div>\n<p><span class=\"text12v\"><strong>VI. Udzia\u0142 w<\/strong> projektach badawczych: <\/span><\/p>\n<div><span class=\"text12v\">&#8211; <a class=\"text\" href=\"http:\/\/www.lit-verlag.de\/reihe\/dih\">&#8222;Development in Humanities&#8221;<\/a><\/span> <span class=\"text12v\">(redakcja serii wydawniczej) <\/span><\/div>\n<div><span class=\"text12v\">&#8211; <a class=\"text\" href=\"https:\/\/www.abo.fi\/fakultet\/yarg\">&#8222;Young Adults and Religion in a Global Perspective. A Cross-Cultural, Comparative and Mixed-Method Study of Religious Subjectivities and Values in their Context&#8221;<\/a><\/span><span class=\"text12v\"> (2015-2018)<br class=\"text12v\" \/><\/span><\/div>\n<p><br class=\"text12v\" \/><span class=\"text12v\"><strong>VII. Dzia\u0142alno\u015b\u0107 organizacyjna:<\/strong> <\/span><\/p>\n<div><span class=\"text12v\">&#8211; organizacja konferencji naukowych: Mi\u0119dzynarodowy Kongres Religioznawczy \u201eO wielowymiarowo\u015bci bada\u0144 religioznawczych\u201d (sekretarz naukowy); Spotkania z filozofi\u0105 XVII wieku i jej kontynuacjami (sekretarz naukowy); \u201ePrzemiany religijno\u015bci w Europie\u201d (sekretarz naukowy); O racjonalno\u015bci w nauce i w \u017cyciu spo\u0142ecznym (sekretarz naukowy)<\/span><\/div>\n<p><br class=\"text12v\" \/><span class=\"text12v\"><strong>VIII. Cz\u0142onkostwo w<\/strong> towarzystwach naukowych: <\/span><\/p>\n<div><span class=\"text12v\">&#8211; Polskie Towarzystwo Religioznawcze<\/span><br class=\"text12v\" \/><span class=\"text12v\">&#8211; International Association for the Cognitive Science of Religion<\/span><br \/><span class=\"text12v\">&#8211; Hume Society<\/span><br \/><span class=\"text12v\">&#8211; British Society for the Philosophy of Religion<\/span><\/div>\n<p><br class=\"text12v\" \/><span class=\"text12v\"><strong>IX. Funkcje uniwersyteckie:<\/strong> <\/span><\/p>\n<div><span class=\"text12v\">&#8211; Pe\u0142nomocnik Dziekana Wydzia\u0142u Nauk Spo\u0142ecznych ds. Indywidualnych Studi\u00f3w Mi\u0119dzywydzia\u0142owych (2003-2009)<\/span><br class=\"text12v\" \/><span class=\"text12v\">&#8211; Koordynator Wydzia\u0142u Nauk Spo\u0142ecznych ds. Programu LLP-Erasmus (2008-2016)<\/span><br class=\"text12v\" \/><span class=\"text12v\">&#8211; Koordynator Wydzia\u0142u Nauk Spo\u0142ecznych ds. ECTS<\/span><br \/><span class=\"text12v\">&#8211; Pe\u0142nomocnik Dziekana Wydzia\u0142u Nauk Spo\u0142ecznych ds. studi\u00f3w mi\u0119dzykierunkowych oraz wymiany studenckiej (2008-2016)<\/span>\n<p>\u00a0<\/p>\n<\/div>\n\n\n<p><\/p>\n","protected":false},"excerpt":{"rendered":"<p>I. Wykszta\u0142cenie: Absolwent Uniwersytetu im. Adama Mickiewicza w Poznaniu:1. Indywidualne Studia Mi\u0119dzywydzia\u0142owe na kierunkach filozofia i socjologia; magister filozofii, praca magisterska: \u201eAntyredukcjonistyczne koncepcje religii\u201d, 2002 (promotor: prof. dr hab. Zbigniew Drozdowicz, recenzent: prof. dr hab. Andrzej Przy\u0142\u0119bski);2. Studia doktoranckie w Instytucie Filozofii UAM; doktor nauk humanistycznych w zakresie filozofii, dysertacja doktorska: \u201eJ\u0119zyk a konstytuowanie \u015bwiata &hellip; <\/p>\n<p class=\"link-more\"><a href=\"http:\/\/sztajers-s.home.amu.edu.pl\/?page_id=7\" class=\"more-link\">Czytaj dalej<span class=\"screen-reader-text\"> \u201eS\u0142awomir Sztajer\u201d<\/span><\/a><\/p>\n","protected":false},"author":1,"featured_media":0,"parent":0,"menu_order":0,"comment_status":"closed","ping_status":"closed","template":"","meta":[],"_links":{"self":[{"href":"http:\/\/sztajers-s.home.amu.edu.pl\/index.php?rest_route=\/wp\/v2\/pages\/7"}],"collection":[{"href":"http:\/\/sztajers-s.home.amu.edu.pl\/index.php?rest_route=\/wp\/v2\/pages"}],"about":[{"href":"http:\/\/sztajers-s.home.amu.edu.pl\/index.php?rest_route=\/wp\/v2\/types\/page"}],"author":[{"embeddable":true,"href":"http:\/\/sztajers-s.home.amu.edu.pl\/index.php?rest_route=\/wp\/v2\/users\/1"}],"replies":[{"embeddable":true,"href":"http:\/\/sztajers-s.home.amu.edu.pl\/index.php?rest_route=%2Fwp%2Fv2%2Fcomments&post=7"}],"version-history":[{"count":6,"href":"http:\/\/sztajers-s.home.amu.edu.pl\/index.php?rest_route=\/wp\/v2\/pages\/7\/revisions"}],"predecessor-version":[{"id":91,"href":"http:\/\/sztajers-s.home.amu.edu.pl\/index.php?rest_route=\/wp\/v2\/pages\/7\/revisions\/91"}],"wp:attachment":[{"href":"http:\/\/sztajers-s.home.amu.edu.pl\/index.php?rest_route=%2Fwp%2Fv2%2Fmedia&parent=7"}],"curies":[{"name":"wp","href":"https:\/\/api.w.org\/{rel}","templated":true}]}}