{"id":47,"date":"2019-08-11T14:02:37","date_gmt":"2019-08-11T12:02:37","guid":{"rendered":"http:\/\/sztajers-s.home.amu.edu.pl\/?page_id=47"},"modified":"2020-10-21T17:38:53","modified_gmt":"2020-10-21T15:38:53","slug":"kontakt","status":"publish","type":"page","link":"http:\/\/sztajers-s.home.amu.edu.pl\/?page_id=47","title":{"rendered":"Kontakt"},"content":{"rendered":"\n<p style=\"text-align:center\"><strong>Dr hab. S\u0142awomir Sztajer<\/strong><\/p>\n\n\n\n<p style=\"text-align:center\">Katedra Religioznawstwa i Bada\u0144 Por\u00f3wnawczych<br>Uniwersytet im. Adama Mickiewicza<br>ul. Szamarzewskiego 89<br>60-569 Pozna\u0144<\/p>\n\n\n\n<p style=\"text-align:center\">E-mail:&nbsp;<a href=\"mailto:sztajers@amu.edu.pl\">sztajers@amu.edu.pl<\/a><br>tel. (061) 829 2109<\/p>\n\n\n\n<p style=\"text-align:center\">Dy\u017cur: Poniedzia\u0142ek 11.00 &#8211; 12.00; Wtorek 13.00-14.00; pok. 1, budynek AB<\/p>\n\n\n\n<p><\/p>\n","protected":false},"excerpt":{"rendered":"<p>Dr hab. S\u0142awomir Sztajer Katedra Religioznawstwa i Bada\u0144 Por\u00f3wnawczychUniwersytet im. Adama Mickiewiczaul. Szamarzewskiego 8960-569 Pozna\u0144 E-mail:&nbsp;sztajers@amu.edu.pltel. (061) 829 2109 Dy\u017cur: Poniedzia\u0142ek 11.00 &#8211; 12.00; Wtorek 13.00-14.00; pok. 1, budynek AB<\/p>\n","protected":false},"author":1,"featured_media":0,"parent":0,"menu_order":0,"comment_status":"closed","ping_status":"closed","template":"","meta":[],"_links":{"self":[{"href":"http:\/\/sztajers-s.home.amu.edu.pl\/index.php?rest_route=\/wp\/v2\/pages\/47"}],"collection":[{"href":"http:\/\/sztajers-s.home.amu.edu.pl\/index.php?rest_route=\/wp\/v2\/pages"}],"about":[{"href":"http:\/\/sztajers-s.home.amu.edu.pl\/index.php?rest_route=\/wp\/v2\/types\/page"}],"author":[{"embeddable":true,"href":"http:\/\/sztajers-s.home.amu.edu.pl\/index.php?rest_route=\/wp\/v2\/users\/1"}],"replies":[{"embeddable":true,"href":"http:\/\/sztajers-s.home.amu.edu.pl\/index.php?rest_route=%2Fwp%2Fv2%2Fcomments&post=47"}],"version-history":[{"count":6,"href":"http:\/\/sztajers-s.home.amu.edu.pl\/index.php?rest_route=\/wp\/v2\/pages\/47\/revisions"}],"predecessor-version":[{"id":99,"href":"http:\/\/sztajers-s.home.amu.edu.pl\/index.php?rest_route=\/wp\/v2\/pages\/47\/revisions\/99"}],"wp:attachment":[{"href":"http:\/\/sztajers-s.home.amu.edu.pl\/index.php?rest_route=%2Fwp%2Fv2%2Fmedia&parent=47"}],"curies":[{"name":"wp","href":"https:\/\/api.w.org\/{rel}","templated":true}]}}